{"id":40,"date":"2016-01-25T13:12:29","date_gmt":"2016-01-25T12:12:29","guid":{"rendered":"http:\/\/sanitaer-heizungsbau-brandt.de\/?page_id=40"},"modified":"2020-10-21T12:10:02","modified_gmt":"2020-10-21T10:10:02","slug":"kontakt","status":"publish","type":"page","link":"https:\/\/sanitaer-heizungsbau-brandt.de\/?page_id=40","title":{"rendered":"Kontakt"},"content":{"rendered":"<p>Wir sind f\u00fcr Sie unter den folgenden Kontakt-M\u00f6glichkeiten zu erreichen:<\/p>\n<p>Sanit\u00e4r- und Heizungsbau Brandt<br \/>Christoph Brandt<br \/>Albert-Schweitzer-Str. 17<br \/><b>Telefon B\u00fcro:<\/b> 05521 &#8211; 999 67 17<br \/><b>Fax: <\/b> 05521 &#8211; 999 67 18<br \/><b>Mail:<\/b> <a href=\"mailto:info@sanitaer-heizungsbau-brandt.de\">info@sanitaer-heizungsbau-brandt.de <\/a><\/p>\n<p><u>EU DSGVO Datenschutz-Hinweis:<\/u><br \/>Durch Abschicken eines Formulars oder E-Mail stimmen Sie der Speicherung und Verarbeitung Ihrer Daten gem\u00e4\u00df unserer Datenschutzerkl\u00e4rung zu. Ihre Daten werden von uns nur zur Beantwortung der Anfrage verwendet.<\/p>\n\n\n<p><\/p>\n","protected":false},"excerpt":{"rendered":"<p>Wir sind f\u00fcr Sie unter den folgenden Kontakt-M\u00f6glichkeiten zu erreichen: Sanit\u00e4r- und Heizungsbau BrandtChristoph BrandtAlbert-Schweitzer-Str. 17Telefon B\u00fcro: 05521 &#8211; 999 67 17Fax: 05521 &#8211; 999 67 18Mail: info@sanitaer-heizungsbau-brandt.de EU DSGVO Datenschutz-Hinweis:Durch Abschicken eines Formulars oder E-Mail stimmen Sie der Speicherung und Verarbeitung Ihrer Daten gem\u00e4\u00df unserer Datenschutzerkl\u00e4rung zu. Ihre Daten werden von uns nur zur &hellip; <a href=\"https:\/\/sanitaer-heizungsbau-brandt.de\/?page_id=40\" class=\"more-link\"><span class=\"screen-reader-text\">Kontakt<\/span> weiterlesen <span class=\"meta-nav\">&rarr;<\/span><\/a><\/p>\n","protected":false},"author":1,"featured_media":0,"parent":0,"menu_order":0,"comment_status":"closed","ping_status":"closed","template":"","meta":[],"_links":{"self":[{"href":"https:\/\/sanitaer-heizungsbau-brandt.de\/index.php?rest_route=\/wp\/v2\/pages\/40"}],"collection":[{"href":"https:\/\/sanitaer-heizungsbau-brandt.de\/index.php?rest_route=\/wp\/v2\/pages"}],"about":[{"href":"https:\/\/sanitaer-heizungsbau-brandt.de\/index.php?rest_route=\/wp\/v2\/types\/page"}],"author":[{"embeddable":true,"href":"https:\/\/sanitaer-heizungsbau-brandt.de\/index.php?rest_route=\/wp\/v2\/users\/1"}],"replies":[{"embeddable":true,"href":"https:\/\/sanitaer-heizungsbau-brandt.de\/index.php?rest_route=%2Fwp%2Fv2%2Fcomments&post=40"}],"version-history":[{"count":9,"href":"https:\/\/sanitaer-heizungsbau-brandt.de\/index.php?rest_route=\/wp\/v2\/pages\/40\/revisions"}],"predecessor-version":[{"id":160,"href":"https:\/\/sanitaer-heizungsbau-brandt.de\/index.php?rest_route=\/wp\/v2\/pages\/40\/revisions\/160"}],"wp:attachment":[{"href":"https:\/\/sanitaer-heizungsbau-brandt.de\/index.php?rest_route=%2Fwp%2Fv2%2Fmedia&parent=40"}],"curies":[{"name":"wp","href":"https:\/\/api.w.org\/{rel}","templated":true}]}}